{"id":871,"date":"2023-11-30T08:24:08","date_gmt":"2023-11-30T07:24:08","guid":{"rendered":"https:\/\/carbonellassociats.com\/contacto\/"},"modified":"2024-08-26T11:29:35","modified_gmt":"2024-08-26T09:29:35","slug":"contacto","status":"publish","type":"page","link":"https:\/\/carbonellassociats.com\/es\/contacto\/","title":{"rendered":"Contacto"},"content":{"rendered":"\t\t<div data-elementor-type=\"wp-page\" data-elementor-id=\"871\" class=\"elementor elementor-871 elementor-279\" data-elementor-post-type=\"page\">\n\t\t\t\t<div class=\"elementor-element elementor-element-c91e98d e-con-full e-flex e-con e-parent\" data-id=\"c91e98d\" data-element_type=\"container\" data-e-type=\"container\" data-settings=\"{&quot;background_background&quot;:&quot;classic&quot;}\">\n\t\t\t\t<div class=\"elementor-element elementor-element-420220a elementor-widget elementor-widget-heading\" data-id=\"420220a\" data-element_type=\"widget\" data-e-type=\"widget\" data-widget_type=\"heading.default\">\n\t\t\t\t<div class=\"elementor-widget-container\">\n\t\t\t\t\t<h2 class=\"elementor-heading-title elementor-size-default\">Contacto<\/h2>\t\t\t\t<\/div>\n\t\t\t\t<\/div>\n\t\t\t\t<\/div>\n\t\t<div class=\"elementor-element elementor-element-3aa5277 e-con-full e-flex e-con e-parent\" data-id=\"3aa5277\" data-element_type=\"container\" data-e-type=\"container\" data-settings=\"{&quot;background_background&quot;:&quot;classic&quot;,&quot;shape_divider_top&quot;:&quot;curve&quot;}\">\n\t\t\t\t<div class=\"elementor-shape elementor-shape-top\" aria-hidden=\"true\" data-negative=\"false\">\n\t\t\t<svg xmlns=\"http:\/\/www.w3.org\/2000\/svg\" viewBox=\"0 0 1000 100\" preserveAspectRatio=\"none\">\n    <path class=\"elementor-shape-fill\" d=\"M1000,4.3V0H0v4.3C0.9,23.1,126.7,99.2,500,100S1000,22.7,1000,4.3z\"\/>\n<\/svg>\t\t<\/div>\n\t\t<div class=\"elementor-element elementor-element-25aa3d5 e-con-full e-flex e-con e-child\" data-id=\"25aa3d5\" data-element_type=\"container\" data-e-type=\"container\" data-settings=\"{&quot;background_background&quot;:&quot;classic&quot;,&quot;animation_laptop&quot;:&quot;fadeInLeft&quot;}\">\n\t\t\t\t<\/div>\n\t\t<div class=\"elementor-element elementor-element-acb8c8c e-con-full e-flex elementor-invisible e-con e-child\" data-id=\"acb8c8c\" data-element_type=\"container\" data-e-type=\"container\" data-settings=\"{&quot;animation&quot;:&quot;fadeInRight&quot;}\">\n\t\t\t\t<div class=\"elementor-element elementor-element-ef2694b eael-dual-header-content-align-center elementor-widget elementor-widget-eael-dual-color-header\" data-id=\"ef2694b\" data-element_type=\"widget\" data-e-type=\"widget\" data-settings=\"{&quot;_animation_laptop&quot;:&quot;fadeInRight&quot;}\" data-widget_type=\"eael-dual-color-header.default\">\n\t\t\t\t<div class=\"elementor-widget-container\">\n\t\t\t\t\t\t\t\t<div class=\"eael-dual-header\">\n\t\t\t\t<h2 class=\"title eael-dch-title\"><span class=\"eael-dch-title-text eael-dch-title-lead lead solid-color\">Formulario de<\/span> <span class=\"eael-dch-title-text\">contacto<\/span><\/h2>\t\t\t<\/div>\n\n\t\t\t\t\t\t<\/div>\n\t\t\t\t<\/div>\n\t\t\t\t<div class=\"elementor-element elementor-element-83d4dcf elementor-button-align-stretch elementor-widget elementor-widget-form\" data-id=\"83d4dcf\" data-element_type=\"widget\" data-e-type=\"widget\" data-settings=\"{&quot;step_next_label&quot;:&quot;Siguiente&quot;,&quot;step_previous_label&quot;:&quot;Anterior&quot;,&quot;button_width&quot;:&quot;25&quot;,&quot;_animation_laptop&quot;:&quot;fadeInRight&quot;,&quot;step_type&quot;:&quot;number_text&quot;,&quot;step_icon_shape&quot;:&quot;circle&quot;}\" data-widget_type=\"form.default\">\n\t\t\t\t<div class=\"elementor-widget-container\">\n\t\t\t\t\t\t\t<form class=\"elementor-form\" method=\"post\" name=\"Nuevo formulario\" aria-label=\"Nuevo formulario\">\n\t\t\t<input type=\"hidden\" name=\"post_id\" value=\"871\"\/>\n\t\t\t<input type=\"hidden\" name=\"form_id\" value=\"83d4dcf\"\/>\n\t\t\t<input type=\"hidden\" name=\"referer_title\" value=\"Contacto\" \/>\n\n\t\t\t\t\t\t\t<input type=\"hidden\" name=\"queried_id\" value=\"871\"\/>\n\t\t\t\n\t\t\t<div class=\"elementor-form-fields-wrapper elementor-labels-above\">\n\t\t\t\t\t\t\t\t<div class=\"elementor-field-type-text elementor-field-group elementor-column elementor-field-group-name elementor-col-50\">\n\t\t\t\t\t\t\t\t\t\t\t\t\t<input size=\"1\" type=\"text\" name=\"form_fields[name]\" id=\"form-field-name\" class=\"elementor-field elementor-size-sm  elementor-field-textual\" placeholder=\"Nombre\">\n\t\t\t\t\t\t\t\t\t\t\t<\/div>\n\t\t\t\t\t\t\t\t<div class=\"elementor-field-type-text elementor-field-group elementor-column elementor-field-group-field_2d915cd elementor-col-50\">\n\t\t\t\t\t\t\t\t\t\t\t\t\t<input size=\"1\" type=\"text\" name=\"form_fields[field_2d915cd]\" id=\"form-field-field_2d915cd\" class=\"elementor-field elementor-size-sm  elementor-field-textual\" placeholder=\"Apellidos\">\n\t\t\t\t\t\t\t\t\t\t\t<\/div>\n\t\t\t\t\t\t\t\t<div class=\"elementor-field-type-tel elementor-field-group elementor-column elementor-field-group-email elementor-col-50 elementor-field-required\">\n\t\t\t\t\t\t\t<input size=\"1\" type=\"tel\" name=\"form_fields[email]\" id=\"form-field-email\" class=\"elementor-field elementor-size-sm  elementor-field-textual\" placeholder=\"Tel\u00e9fono\" required=\"required\" pattern=\"[0-9()#&amp;+*-=.]+\" title=\"Solo se aceptan n\u00fameros y caracteres de tel\u00e9fono (#,-,*,etc).\">\n\n\t\t\t\t\t\t<\/div>\n\t\t\t\t\t\t\t\t<div class=\"elementor-field-type-email elementor-field-group elementor-column elementor-field-group-field_9451371 elementor-col-50 elementor-field-required\">\n\t\t\t\t\t\t\t\t\t\t\t\t\t<input size=\"1\" type=\"email\" name=\"form_fields[field_9451371]\" id=\"form-field-field_9451371\" class=\"elementor-field elementor-size-sm  elementor-field-textual\" placeholder=\"Correo electr\u00f3nico\" required=\"required\">\n\t\t\t\t\t\t\t\t\t\t\t<\/div>\n\t\t\t\t\t\t\t\t<div class=\"elementor-field-type-select elementor-field-group elementor-column elementor-field-group-field_fa94228 elementor-col-100\">\n\t\t\t\t\t\t\t\t\t\t\t\t<label for=\"form-field-field_fa94228\" class=\"elementor-field-label\">\n\t\t\t\t\t\t\t\t\u00bfQu\u00e9 servicio necesitas?\t\t\t\t\t\t\t<\/label>\n\t\t\t\t\t\t\t\t<div class=\"elementor-field elementor-select-wrapper remove-before \">\n\t\t\t<div class=\"select-caret-down-wrapper\">\n\t\t\t\t<svg aria-hidden=\"true\" class=\"e-font-icon-svg e-eicon-caret-down\" viewBox=\"0 0 571.4 571.4\" xmlns=\"http:\/\/www.w3.org\/2000\/svg\"><path d=\"M571 393Q571 407 561 418L311 668Q300 679 286 679T261 668L11 418Q0 407 0 393T11 368 36 357H536Q550 357 561 368T571 393Z\"><\/path><\/svg>\t\t\t<\/div>\n\t\t\t<select name=\"form_fields[field_fa94228]\" id=\"form-field-field_fa94228\" class=\"elementor-field-textual elementor-size-sm\">\n\t\t\t\t\t\t\t\t\t<option value=\"Gesti\u00f3n laboral y n\u00f3minas Asesoramiento empresa 360\u00ba Asesoramiento fiscal y contable \">Gesti\u00f3n laboral y n\u00f3minas Asesoramiento empresa 360\u00ba Asesoramiento fiscal y contable <\/option>\n\t\t\t\t\t\t\t<\/select>\n\t\t<\/div>\n\t\t\t\t\t\t<\/div>\n\t\t\t\t\t\t\t\t<div class=\"elementor-field-type-textarea elementor-field-group elementor-column elementor-field-group-message elementor-col-100\">\n\t\t\t\t\t<textarea class=\"elementor-field-textual elementor-field  elementor-size-sm\" name=\"form_fields[message]\" id=\"form-field-message\" rows=\"4\" placeholder=\"Mensaje\"><\/textarea>\t\t\t\t<\/div>\n\t\t\t\t\t\t\t\t<div class=\"elementor-field-type-recaptcha_v3 elementor-field-group elementor-column elementor-field-group-field_2a2e6b5 elementor-col-100 recaptcha_v3-bottomright\">\n\t\t\t\t\t<div class=\"elementor-field\" id=\"form-field-field_2a2e6b5\"><div class=\"elementor-g-recaptcha\" data-sitekey=\"6LfZbC8qAAAAAAAMAEX5chg4ojEjOgaohTwcfq1Y\" data-type=\"v3\" data-action=\"Form\" data-badge=\"bottomright\" data-size=\"invisible\"><\/div><\/div>\t\t\t\t<\/div>\n\t\t\t\t\t\t\t\t<div class=\"elementor-field-group elementor-column elementor-field-type-submit elementor-col-25 e-form__buttons\">\n\t\t\t\t\t<button class=\"elementor-button elementor-size-sm elementor-animation-grow\" type=\"submit\">\n\t\t\t\t\t\t<span class=\"elementor-button-content-wrapper\">\n\t\t\t\t\t\t\t\t\t\t\t\t\t\t\t\t\t\t\t\t\t\t<span class=\"elementor-button-text\">Enviar<\/span>\n\t\t\t\t\t\t\t\t\t\t\t\t\t<\/span>\n\t\t\t\t\t<\/button>\n\t\t\t\t<\/div>\n\t\t\t<\/div>\n\t\t<\/form>\n\t\t\t\t\t\t<\/div>\n\t\t\t\t<\/div>\n\t\t\t\t<\/div>\n\t\t\t\t<\/div>\n\t\t<div class=\"elementor-element elementor-element-f1fc654 e-con-full e-flex e-con e-parent\" data-id=\"f1fc654\" data-element_type=\"container\" data-e-type=\"container\" data-settings=\"{&quot;background_background&quot;:&quot;classic&quot;,&quot;animation_laptop&quot;:&quot;none&quot;}\">\n\t\t\t\t<div class=\"elementor-element elementor-element-c07f109 eael-dual-header-content-align-center elementor-widget elementor-widget-eael-dual-color-header\" data-id=\"c07f109\" data-element_type=\"widget\" data-e-type=\"widget\" data-settings=\"{&quot;_animation_laptop&quot;:&quot;fadeInDown&quot;}\" data-widget_type=\"eael-dual-color-header.default\">\n\t\t\t\t<div class=\"elementor-widget-container\">\n\t\t\t\t\t\t\t\t<div class=\"eael-dual-header\">\n\t\t\t\t<h2 class=\"title eael-dch-title\"><span class=\"eael-dch-title-text eael-dch-title-lead lead solid-color\">Datos de<\/span> <span class=\"eael-dch-title-text\">contacto<\/span><\/h2>\t\t\t<\/div>\n\n\t\t\t\t\t\t<\/div>\n\t\t\t\t<\/div>\n\t\t\t\t<\/div>\n\t\t<div class=\"elementor-element elementor-element-c95d0e9 e-flex e-con-boxed e-con e-parent\" data-id=\"c95d0e9\" data-element_type=\"container\" data-e-type=\"container\" data-settings=\"{&quot;background_background&quot;:&quot;classic&quot;}\">\n\t\t\t\t\t<div class=\"e-con-inner\">\n\t\t<div class=\"elementor-element elementor-element-2e80f09 e-con-full e-flex e-con e-child\" data-id=\"2e80f09\" data-element_type=\"container\" data-e-type=\"container\" data-settings=\"{&quot;animation_laptop&quot;:&quot;fadeInUp&quot;}\">\n\t\t\t\t<div class=\"elementor-element elementor-element-2649668 elementor-widget elementor-widget-ucaddon_lord_icon\" data-id=\"2649668\" data-element_type=\"widget\" data-e-type=\"widget\" data-widget_type=\"ucaddon_lord_icon.default\">\n\t\t\t\t<div class=\"elementor-widget-container\">\n\t\t\t\t\t\n<!-- start Lordicon: Animated Icons -->\n<style>\/* widget: Lordicon: Animated Icons *\/\n\n#uc_lord_icon_elementor_2649668{\n  transition:0.3s;\n  display:flex;\n}\n\n#uc_lord_icon_elementor_2649668 .ue-lord-icon-holder{\n  display: inline-flex;\n  justify-content: center;\n  align-items: center;\n}\n\n#uc_lord_icon_elementor_2649668 .ue-lord-icon-holder{\n    }\n\n#uc_lord_icon_elementor_2649668 lord-icon{\n  flex-shrink:0;\n  flex-grow:0;\n}\n\n#uc_lord_icon_elementor_2649668 .ue-box-button{\n  width:100%;\n}\n\n#uc_lord_icon_elementor_2649668 .ue-btn {\n\ttext-decoration:none;\n\ttransition: 0.3s;\n    text-align:center;\n}\n\n\n\t.ue-box-title    {\n      font-size:21px;\n    }\n\n\n\n\n@keyframes pulseuc_lord_icon_elementor_2649668 {\n\t 0% {\n\t\ttransform: scale(0.95);\n\t\tbox-shadow: 0 0 0 0 #b6b6b6;\n\t}\n\t\n\t70% {\n\t\ttransform: scale(1);\n\t\tbox-shadow: 0 0 0 20px #b6b6b6;\n\t}\n\t\n\t100% {\n\t\ttransform: scale(0.95);\n\t\tbox-shadow: 0 0 0 0 #b6b6b6;\n\t}\n}\n\n<\/style>\n\n<div class=\"ue-lord-icon-wrapper \" id=\"uc_lord_icon_elementor_2649668\">\n  \n  <a href=\"tel:977768496\" >    <div class=\"ue-lord-icon-inner\">\n      <div class=\"ue-lord-icon-holder\">\n        <lord-icon\n\n                        src=\"http:\/\/carbonellassociats.com\/wp-content\/uploads\/2023\/11\/system-solid-58-call-phone-1.json\"       \n            trigger=\"morph\"\n              target=\".ue-lord-icon-wrapper\"                                                      delay=\"\"\n            stroke=\"regular\"\n            colors=\"primary:#B83638,secondary:#FF00CD00\">\n\n        <\/lord-icon>\n      <\/div>\n    <\/div>\n  <\/a>\n  <div class=\"ue-lord-icon-contet\">\n              <\/div>\n\n<\/div>\n  \n<!-- Animated icons by Lordicon.com -->\n<!-- end Lordicon: Animated Icons -->\t\t\t\t<\/div>\n\t\t\t\t<\/div>\n\t\t\t\t<div class=\"elementor-element elementor-element-3375349 elementor-widget elementor-widget-heading\" data-id=\"3375349\" data-element_type=\"widget\" data-e-type=\"widget\" data-widget_type=\"heading.default\">\n\t\t\t\t<div class=\"elementor-widget-container\">\n\t\t\t\t\t<h2 class=\"elementor-heading-title elementor-size-default\">Tel\u00e9fono<\/h2>\t\t\t\t<\/div>\n\t\t\t\t<\/div>\n\t\t\t\t<div class=\"elementor-element elementor-element-c2c0a3b elementor-widget elementor-widget-text-editor\" data-id=\"c2c0a3b\" data-element_type=\"widget\" data-e-type=\"widget\" data-widget_type=\"text-editor.default\">\n\t\t\t\t<div class=\"elementor-widget-container\">\n\t\t\t\t\t\t\t\t\t<p>977 768 495<\/p>\n\t\t\t\t\t\t\t\t<\/div>\n\t\t\t\t<\/div>\n\t\t\t\t<\/div>\n\t\t<div class=\"elementor-element elementor-element-eda45bd e-con-full e-flex e-con e-child\" data-id=\"eda45bd\" data-element_type=\"container\" data-e-type=\"container\" data-settings=\"{&quot;animation_laptop&quot;:&quot;fadeInUp&quot;}\">\n\t\t\t\t<div class=\"elementor-element elementor-element-991464c elementor-widget elementor-widget-ucaddon_lord_icon\" data-id=\"991464c\" data-element_type=\"widget\" data-e-type=\"widget\" data-widget_type=\"ucaddon_lord_icon.default\">\n\t\t\t\t<div class=\"elementor-widget-container\">\n\t\t\t\t\t\n<!-- start Lordicon: Animated Icons -->\n<style>\/* widget: Lordicon: Animated Icons *\/\n\n#uc_lord_icon_elementor_991464c{\n  transition:0.3s;\n  display:flex;\n}\n\n#uc_lord_icon_elementor_991464c .ue-lord-icon-holder{\n  display: inline-flex;\n  justify-content: center;\n  align-items: center;\n}\n\n#uc_lord_icon_elementor_991464c .ue-lord-icon-holder{\n    }\n\n#uc_lord_icon_elementor_991464c lord-icon{\n  flex-shrink:0;\n  flex-grow:0;\n}\n\n#uc_lord_icon_elementor_991464c .ue-box-button{\n  width:100%;\n}\n\n#uc_lord_icon_elementor_991464c .ue-btn {\n\ttext-decoration:none;\n\ttransition: 0.3s;\n    text-align:center;\n}\n\n\n\n\n@keyframes pulseuc_lord_icon_elementor_991464c {\n\t 0% {\n\t\ttransform: scale(0.95);\n\t\tbox-shadow: 0 0 0 0 #b6b6b6;\n\t}\n\t\n\t70% {\n\t\ttransform: scale(1);\n\t\tbox-shadow: 0 0 0 20px #b6b6b6;\n\t}\n\t\n\t100% {\n\t\ttransform: scale(0.95);\n\t\tbox-shadow: 0 0 0 0 #b6b6b6;\n\t}\n}\n\n<\/style>\n\n<div class=\"ue-lord-icon-wrapper \" id=\"uc_lord_icon_elementor_991464c\">\n  \n  <a href=\"mailto:carbonellassociats@gmail.com\" >    <div class=\"ue-lord-icon-inner\">\n      <div class=\"ue-lord-icon-holder\">\n        <lord-icon\n\n                        src=\"http:\/\/carbonellassociats.com\/wp-content\/uploads\/2023\/11\/system-solid-47-chat.json\"       \n            trigger=\"morph\"\n              target=\".ue-lord-icon-wrapper\"                                                      delay=\"0\"\n            stroke=\"regular\"\n            colors=\"primary:#B83638,secondary:#FF00CD00\">\n\n        <\/lord-icon>\n      <\/div>\n    <\/div>\n  <\/a>\n  <div class=\"ue-lord-icon-contet\">\n              <\/div>\n\n<\/div>\n  \n<!-- Animated icons by Lordicon.com -->\n<!-- end Lordicon: Animated Icons -->\t\t\t\t<\/div>\n\t\t\t\t<\/div>\n\t\t\t\t<div class=\"elementor-element elementor-element-a7b93da elementor-widget elementor-widget-heading\" data-id=\"a7b93da\" data-element_type=\"widget\" data-e-type=\"widget\" data-widget_type=\"heading.default\">\n\t\t\t\t<div class=\"elementor-widget-container\">\n\t\t\t\t\t<h2 class=\"elementor-heading-title elementor-size-default\">Email<\/h2>\t\t\t\t<\/div>\n\t\t\t\t<\/div>\n\t\t\t\t<div class=\"elementor-element elementor-element-2c7dc02 elementor-widget elementor-widget-text-editor\" data-id=\"2c7dc02\" data-element_type=\"widget\" data-e-type=\"widget\" data-widget_type=\"text-editor.default\">\n\t\t\t\t<div class=\"elementor-widget-container\">\n\t\t\t\t\t\t\t\t\t<p>carbonellassociats@gmail.com<\/p>\n\t\t\t\t\t\t\t\t<\/div>\n\t\t\t\t<\/div>\n\t\t\t\t<\/div>\n\t\t<div class=\"elementor-element elementor-element-14c14f1 e-con-full e-flex e-con e-child\" data-id=\"14c14f1\" data-element_type=\"container\" data-e-type=\"container\" data-settings=\"{&quot;animation_laptop&quot;:&quot;fadeInUp&quot;}\">\n\t\t\t\t<div class=\"elementor-element elementor-element-370319e elementor-widget elementor-widget-ucaddon_lord_icon\" data-id=\"370319e\" data-element_type=\"widget\" data-e-type=\"widget\" data-widget_type=\"ucaddon_lord_icon.default\">\n\t\t\t\t<div class=\"elementor-widget-container\">\n\t\t\t\t\t\n<!-- start Lordicon: Animated Icons -->\n<style>\/* widget: Lordicon: Animated Icons *\/\n\n#uc_lord_icon_elementor_370319e{\n  transition:0.3s;\n  display:flex;\n}\n\n#uc_lord_icon_elementor_370319e .ue-lord-icon-holder{\n  display: inline-flex;\n  justify-content: center;\n  align-items: center;\n}\n\n#uc_lord_icon_elementor_370319e .ue-lord-icon-holder{\n    }\n\n#uc_lord_icon_elementor_370319e lord-icon{\n  flex-shrink:0;\n  flex-grow:0;\n}\n\n#uc_lord_icon_elementor_370319e .ue-box-button{\n  width:100%;\n}\n\n#uc_lord_icon_elementor_370319e .ue-btn {\n\ttext-decoration:none;\n\ttransition: 0.3s;\n    text-align:center;\n}\n\n\n\n\n@keyframes pulseuc_lord_icon_elementor_370319e {\n\t 0% {\n\t\ttransform: scale(0.95);\n\t\tbox-shadow: 0 0 0 0 #b6b6b6;\n\t}\n\t\n\t70% {\n\t\ttransform: scale(1);\n\t\tbox-shadow: 0 0 0 20px #b6b6b6;\n\t}\n\t\n\t100% {\n\t\ttransform: scale(0.95);\n\t\tbox-shadow: 0 0 0 0 #b6b6b6;\n\t}\n}\n\n<\/style>\n\n<div class=\"ue-lord-icon-wrapper \" id=\"uc_lord_icon_elementor_370319e\">\n  \n  <a href=\"https:\/\/www.google.es\/maps\/place\/Carbonell+Associats+Proces+Dades\/@41.1395503,1.0465479,17z\/data=!3m1!4b1!4m6!3m5!1s0x12a14fdd017a6f53:0x7ede5d9783f8619b!8m2!3d41.1395503!4d1.0491282!16s%2Fg%2F1tdg0c69?entry=ttu\" >    <div class=\"ue-lord-icon-inner\">\n      <div class=\"ue-lord-icon-holder\">\n        <lord-icon\n\n                        src=\"http:\/\/carbonellassociats.com\/wp-content\/uploads\/2023\/11\/wired-flat-18-location-pin.json\"       \n            trigger=\"loop-on-hover\"\n              target=\".ue-lord-icon-wrapper\"                                                      delay=\"0\"\n            stroke=\"regular\"\n            colors=\"primary:#B83638,secondary:#FF00CD00\">\n\n        <\/lord-icon>\n      <\/div>\n    <\/div>\n  <\/a>\n  <div class=\"ue-lord-icon-contet\">\n              <\/div>\n\n<\/div>\n  \n<!-- Animated icons by Lordicon.com -->\n<!-- end Lordicon: Animated Icons -->\t\t\t\t<\/div>\n\t\t\t\t<\/div>\n\t\t\t\t<div class=\"elementor-element elementor-element-8356f54 elementor-widget elementor-widget-heading\" data-id=\"8356f54\" data-element_type=\"widget\" data-e-type=\"widget\" data-widget_type=\"heading.default\">\n\t\t\t\t<div class=\"elementor-widget-container\">\n\t\t\t\t\t<h2 class=\"elementor-heading-title elementor-size-default\">Ubicaci\u00f3<\/h2>\t\t\t\t<\/div>\n\t\t\t\t<\/div>\n\t\t\t\t<div class=\"elementor-element elementor-element-ad0b863 elementor-widget elementor-widget-text-editor\" data-id=\"ad0b863\" data-element_type=\"widget\" data-e-type=\"widget\" data-widget_type=\"text-editor.default\">\n\t\t\t\t<div class=\"elementor-widget-container\">\n\t\t\t\t\t\t\t\t\t<p>Calle Sant Antoni, 17 &#8211; BJ 2, Riudoms, 43330, Tarragona<\/p>\n\t\t\t\t\t\t\t\t<\/div>\n\t\t\t\t<\/div>\n\t\t\t\t<\/div>\n\t\t\t\t\t<\/div>\n\t\t\t\t<\/div>\n\t\t<div class=\"elementor-element elementor-element-3164d06 e-con-full e-flex e-con e-parent\" data-id=\"3164d06\" data-element_type=\"container\" data-e-type=\"container\" data-settings=\"{&quot;motion_fx_motion_fx_scrolling&quot;:&quot;yes&quot;,&quot;motion_fx_scale_effect&quot;:&quot;yes&quot;,&quot;motion_fx_scale_speed&quot;:{&quot;unit&quot;:&quot;px&quot;,&quot;size&quot;:0.2,&quot;sizes&quot;:[]},&quot;motion_fx_scale_direction&quot;:&quot;out-in&quot;,&quot;motion_fx_scale_range&quot;:{&quot;unit&quot;:&quot;%&quot;,&quot;size&quot;:&quot;&quot;,&quot;sizes&quot;:{&quot;start&quot;:20,&quot;end&quot;:80}},&quot;motion_fx_devices&quot;:[&quot;widescreen&quot;,&quot;desktop&quot;,&quot;laptop&quot;,&quot;tablet&quot;,&quot;mobile&quot;]}\">\n\t\t\t\t<div class=\"elementor-element elementor-element-f2a64e2 elementor-widget elementor-widget-google_maps\" data-id=\"f2a64e2\" data-element_type=\"widget\" data-e-type=\"widget\" data-widget_type=\"google_maps.default\">\n\t\t\t\t<div class=\"elementor-widget-container\">\n\t\t\t\t\t\t\t<div class=\"elementor-custom-embed\">\n\t\t\t<iframe loading=\"lazy\"\n\t\t\t\t\tsrc=\"https:\/\/maps.google.com\/maps?q=carbonell%20associats%20riudoms&#038;t=m&#038;z=10&#038;output=embed&#038;iwloc=near\"\n\t\t\t\t\ttitle=\"carbonell associats riudoms\"\n\t\t\t\t\taria-label=\"carbonell associats riudoms\"\n\t\t\t><\/iframe>\n\t\t<\/div>\n\t\t\t\t\t\t<\/div>\n\t\t\t\t<\/div>\n\t\t\t\t<\/div>\n\t\t<div class=\"elementor-element elementor-element-4a63ee5 e-con-full e-flex e-con e-parent\" data-id=\"4a63ee5\" data-element_type=\"container\" data-e-type=\"container\" data-settings=\"{&quot;background_background&quot;:&quot;classic&quot;,&quot;shape_divider_bottom&quot;:&quot;curve&quot;}\">\n\t\t\t\t<div class=\"elementor-shape elementor-shape-bottom\" aria-hidden=\"true\" data-negative=\"false\">\n\t\t\t<svg xmlns=\"http:\/\/www.w3.org\/2000\/svg\" viewBox=\"0 0 1000 100\" preserveAspectRatio=\"none\">\n    <path class=\"elementor-shape-fill\" d=\"M1000,4.3V0H0v4.3C0.9,23.1,126.7,99.2,500,100S1000,22.7,1000,4.3z\"\/>\n<\/svg>\t\t<\/div>\n\t\t<div class=\"elementor-element elementor-element-9bf566d e-con-full e-flex e-con e-child\" data-id=\"9bf566d\" data-element_type=\"container\" data-e-type=\"container\">\n\t\t\t\t<div class=\"elementor-element elementor-element-b5b481c eael-dual-header-content-align-left elementor-widget elementor-widget-eael-dual-color-header\" data-id=\"b5b481c\" data-element_type=\"widget\" data-e-type=\"widget\" data-widget_type=\"eael-dual-color-header.default\">\n\t\t\t\t<div class=\"elementor-widget-container\">\n\t\t\t\t\t\t\t\t<div class=\"eael-dual-header\">\n\t\t\t\t<h2 class=\"title eael-dch-title\"><span class=\"eael-dch-title-text eael-dch-title-lead lead solid-color\">Nuestros<\/span> <span class=\"eael-dch-title-text\">seguros<\/span><\/h2>\t\t\t\t\t<span class=\"subtext\"><p>Cada negocio es \u00fanico, y es por eso que ofrecemos soluciones personalizadas para satisfacer sus necesidades financieras y administrativas.<\/p>\n<\/span>\n\t\t\t\t\t\t\t<\/div>\n\n\t\t\t\t\t\t<\/div>\n\t\t\t\t<\/div>\n\t\t\t\t<\/div>\n\t\t<div class=\"elementor-element elementor-element-33772dc e-con-full e-flex e-con e-child\" data-id=\"33772dc\" data-element_type=\"container\" data-e-type=\"container\">\n\t\t\t\t<div class=\"elementor-element elementor-element-a68e40a elementor-widget elementor-widget-image\" data-id=\"a68e40a\" data-element_type=\"widget\" data-e-type=\"widget\" data-widget_type=\"image.default\">\n\t\t\t\t<div class=\"elementor-widget-container\">\n\t\t\t\t\t\t\t\t\t\t\t\t\t\t\t<img decoding=\"async\" width=\"269\" height=\"113\" src=\"https:\/\/carbonellassociats.com\/wp-content\/uploads\/2023\/11\/mgs-seguro.png\" class=\"attachment-2048x2048 size-2048x2048 wp-image-817\" alt=\"\" \/>\t\t\t\t\t\t\t\t\t\t\t\t\t\t\t<\/div>\n\t\t\t\t<\/div>\n\t\t\t\t<\/div>\n\t\t\t\t<\/div>\n\t\t\t\t<\/div>\n\t\t","protected":false},"excerpt":{"rendered":"<p>Contacto Formulario de contacto Datos de contacto Tel\u00e9fono 977 768 495 Email carbonellassociats@gmail.com Ubicaci\u00f3 Calle Sant Antoni, 17 &#8211; BJ 2, Riudoms, 43330, Tarragona Nuestros seguros Cada negocio es \u00fanico, y es por eso que ofrecemos soluciones personalizadas para satisfacer sus necesidades financieras y administrativas.<\/p>\n","protected":false},"author":1,"featured_media":0,"parent":0,"menu_order":0,"comment_status":"closed","ping_status":"closed","template":"elementor_header_footer","meta":{"footnotes":""},"class_list":["post-871","page","type-page","status-publish","hentry"],"_links":{"self":[{"href":"https:\/\/carbonellassociats.com\/es\/wp-json\/wp\/v2\/pages\/871","targetHints":{"allow":["GET"]}}],"collection":[{"href":"https:\/\/carbonellassociats.com\/es\/wp-json\/wp\/v2\/pages"}],"about":[{"href":"https:\/\/carbonellassociats.com\/es\/wp-json\/wp\/v2\/types\/page"}],"author":[{"embeddable":true,"href":"https:\/\/carbonellassociats.com\/es\/wp-json\/wp\/v2\/users\/1"}],"replies":[{"embeddable":true,"href":"https:\/\/carbonellassociats.com\/es\/wp-json\/wp\/v2\/comments?post=871"}],"version-history":[{"count":4,"href":"https:\/\/carbonellassociats.com\/es\/wp-json\/wp\/v2\/pages\/871\/revisions"}],"predecessor-version":[{"id":908,"href":"https:\/\/carbonellassociats.com\/es\/wp-json\/wp\/v2\/pages\/871\/revisions\/908"}],"wp:attachment":[{"href":"https:\/\/carbonellassociats.com\/es\/wp-json\/wp\/v2\/media?parent=871"}],"curies":[{"name":"wp","href":"https:\/\/api.w.org\/{rel}","templated":true}]}}